{"id":139,"date":"2024-03-25T15:47:15","date_gmt":"2024-03-25T14:47:15","guid":{"rendered":"https:\/\/www.rustica-lippstadt.de\/?page_id=139"},"modified":"2024-04-05T09:02:54","modified_gmt":"2024-04-05T07:02:54","slug":"reservierung-erfolgreich","status":"publish","type":"page","link":"https:\/\/www.rustica-lippstadt.de\/fr\/reservierung-erfolgreich\/","title":{"rendered":"Reservierung erfolgreich"},"content":{"rendered":"<div class=\"wpb-content-wrapper\"><div class=\"vc_row wpb_row vc_row-fluid\"><div class=\"wpb_column vc_column_container vc_col-sm-12\"><div class=\"vc_column-inner\"><div class=\"wpb_wrapper\"><div class=\"vc_empty_space\"   style=\"height: 2rem\"><span class=\"vc_empty_space_inner\"><\/span><\/div>\n\t<div class=\"wpb_text_column wpb_content_element\" >\n\t\t<div class=\"wpb_wrapper\">\n\t\t\t<h2>Vielen Dank f\u00fcr Ihre Reservierung<\/h2>\n\n\t\t<\/div>\n\t<\/div>\n<div class=\"vc_empty_space\"   style=\"height: 2rem\"><span class=\"vc_empty_space_inner\"><\/span><\/div><\/div><\/div><\/div><\/div><div class=\"vc_row wpb_row vc_row-fluid\"><div class=\"wpb_column vc_column_container vc_col-sm-6\"><div class=\"vc_column-inner\"><div class=\"wpb_wrapper\">\n\t<div class=\"wpb_text_column wpb_content_element\" >\n\t\t<div class=\"wpb_wrapper\">\n\t\t\t<p>Ihre Tischreservierung ist bei uns eingegangen. Bitte kontrollieren Sie Ihre E-Mails und informieren Sie uns rechtzeitig falls Sie die Reservierung nicht wahrnehmen k\u00f6nnen. Wir freuen uns auf Sie.<\/p>\n<p>Ihr Team von Restaurant Rustica<\/p>\n\n\t\t<\/div>\n\t<\/div>\n<div class=\"vc_empty_space\"   style=\"height: 2rem\"><span class=\"vc_empty_space_inner\"><\/span><\/div>\n\t<div class=\"wpb_text_column wpb_content_element\" >\n\t\t<div class=\"wpb_wrapper\">\n\t\t\t<p>PS: und falls mit uns zufrienden waren, w\u00e4re es sch\u00f6n, wenn Sie sich kurz die Zeit nehmen und eine  <a href=\"https:\/\/g.page\/r\/CcFc-chNRRlrEBM\/review\" rel=\"noopener\" target=\"_blank\">Bewertung bei Google<\/a> zu schreiben, vielen Dank.<\/p>\n\n\t\t<\/div>\n\t<\/div>\n<\/div><\/div><\/div><div class=\"wpb_column vc_column_container vc_col-sm-6\"><div class=\"vc_column-inner\"><div class=\"wpb_wrapper\"><\/div><\/div><\/div><\/div>\n<\/div>","protected":false},"excerpt":{"rendered":"<p>Vielen Dank f\u00fcr Ihre Reservierung Ihre Tischreservierung ist bei uns eingegangen. Bitte kontrollieren Sie Ihre E-Mails und informieren Sie uns rechtzeitig falls Sie die Reservierung nicht wahrnehmen k\u00f6nnen. Wir freuen uns auf Sie. Ihr Team von Restaurant Rustica PS: und falls mit uns zufrienden waren, w\u00e4re es sch\u00f6n, wenn Sie sich kurz die Zeit nehmen&hellip;<\/p>","protected":false},"author":1,"featured_media":0,"parent":0,"menu_order":72,"comment_status":"closed","ping_status":"closed","template":"","meta":{"slim_seo":[],"footnotes":""},"class_list":["post-139","page","type-page","status-publish","hentry","description-off"],"_links":{"self":[{"href":"https:\/\/www.rustica-lippstadt.de\/fr\/wp-json\/wp\/v2\/pages\/139","targetHints":{"allow":["GET"]}}],"collection":[{"href":"https:\/\/www.rustica-lippstadt.de\/fr\/wp-json\/wp\/v2\/pages"}],"about":[{"href":"https:\/\/www.rustica-lippstadt.de\/fr\/wp-json\/wp\/v2\/types\/page"}],"author":[{"embeddable":true,"href":"https:\/\/www.rustica-lippstadt.de\/fr\/wp-json\/wp\/v2\/users\/1"}],"replies":[{"embeddable":true,"href":"https:\/\/www.rustica-lippstadt.de\/fr\/wp-json\/wp\/v2\/comments?post=139"}],"version-history":[{"count":10,"href":"https:\/\/www.rustica-lippstadt.de\/fr\/wp-json\/wp\/v2\/pages\/139\/revisions"}],"predecessor-version":[{"id":199,"href":"https:\/\/www.rustica-lippstadt.de\/fr\/wp-json\/wp\/v2\/pages\/139\/revisions\/199"}],"wp:attachment":[{"href":"https:\/\/www.rustica-lippstadt.de\/fr\/wp-json\/wp\/v2\/media?parent=139"}],"curies":[{"name":"wp","href":"https:\/\/api.w.org\/{rel}","templated":true}]}}